{"id":214,"date":"2023-03-22T13:54:11","date_gmt":"2023-03-22T16:54:11","guid":{"rendered":"https:\/\/doutorgps.com.br\/?page_id=214"},"modified":"2023-09-25T19:10:26","modified_gmt":"2023-09-25T22:10:26","slug":"atendimento-empresarial","status":"publish","type":"page","link":"https:\/\/doutorgps.com.br\/index.php\/atendimento-empresarial\/","title":{"rendered":"Atendimento empresarial"},"content":{"rendered":"\t\t<div data-elementor-type=\"wp-page\" data-elementor-id=\"214\" class=\"elementor elementor-214\">\n\t\t\t\t\t\t\t\t\t<section class=\"elementor-section elementor-top-section elementor-element elementor-element-73c0ec4b elementor-section-full_width elementor-section-height-full elementor-section-items-stretch elementor-section-stretched elementor-section-content-top elementor-section-height-default\" data-id=\"73c0ec4b\" data-element_type=\"section\" data-settings=\"{&quot;stretch_section&quot;:&quot;section-stretched&quot;}\">\n\t\t\t\t\t\t<div class=\"elementor-container elementor-column-gap-no\">\n\t\t\t\t\t<div class=\"elementor-column elementor-col-100 elementor-top-column elementor-element elementor-element-39fa0c13\" data-id=\"39fa0c13\" data-element_type=\"column\">\n\t\t\t<div class=\"elementor-widget-wrap elementor-element-populated\">\n\t\t\t\t\t\t\t\t<div class=\"elementor-element elementor-element-7145bac7 elementor-widget elementor-widget-image\" data-id=\"7145bac7\" data-element_type=\"widget\" data-widget_type=\"image.default\">\n\t\t\t\t<div class=\"elementor-widget-container\">\n\t\t\t<style>\/*! elementor - v3.15.0 - 09-08-2023 *\/\n.elementor-widget-image{text-align:center}.elementor-widget-image a{display:inline-block}.elementor-widget-image a img[src$=\".svg\"]{width:48px}.elementor-widget-image img{vertical-align:middle;display:inline-block}<\/style>\t\t\t\t\t\t\t\t\t\t\t\t<img decoding=\"async\" width=\"1600\" height=\"800\" src=\"https:\/\/doutorgps.com.br\/wp-content\/uploads\/2023\/03\/atendimento.jpg\" class=\"attachment-full size-full wp-image-256\" alt=\"\" loading=\"lazy\" srcset=\"https:\/\/doutorgps.com.br\/wp-content\/uploads\/2023\/03\/atendimento.jpg 1600w, https:\/\/doutorgps.com.br\/wp-content\/uploads\/2023\/03\/atendimento-300x150.jpg 300w, https:\/\/doutorgps.com.br\/wp-content\/uploads\/2023\/03\/atendimento-1024x512.jpg 1024w, https:\/\/doutorgps.com.br\/wp-content\/uploads\/2023\/03\/atendimento-768x384.jpg 768w, https:\/\/doutorgps.com.br\/wp-content\/uploads\/2023\/03\/atendimento-1536x768.jpg 1536w\" sizes=\"(max-width: 1600px) 100vw, 1600px\" \/>\t\t\t\t\t\t\t\t\t\t\t\t\t\t\t<\/div>\n\t\t\t\t<\/div>\n\t\t\t\t\t<\/div>\n\t\t<\/div>\n\t\t\t\t\t\t\t<\/div>\n\t\t<\/section>\n\t\t\t\t<section class=\"elementor-section elementor-top-section elementor-element elementor-element-78ba6464 elementor-section-boxed elementor-section-height-default elementor-section-height-default\" data-id=\"78ba6464\" data-element_type=\"section\">\n\t\t\t\t\t\t<div class=\"elementor-container elementor-column-gap-default\">\n\t\t\t\t\t<div class=\"elementor-column elementor-col-100 elementor-top-column elementor-element elementor-element-61aaefd4\" data-id=\"61aaefd4\" data-element_type=\"column\">\n\t\t\t<div class=\"elementor-widget-wrap elementor-element-populated\">\n\t\t\t\t\t\t\t\t<div class=\"elementor-element elementor-element-4bd0819a elementor-widget elementor-widget-heading\" data-id=\"4bd0819a\" data-element_type=\"widget\" data-widget_type=\"heading.default\">\n\t\t\t\t<div class=\"elementor-widget-container\">\n\t\t\t<style>\/*! elementor - v3.15.0 - 09-08-2023 *\/\n.elementor-heading-title{padding:0;margin:0;line-height:1}.elementor-widget-heading .elementor-heading-title[class*=elementor-size-]>a{color:inherit;font-size:inherit;line-height:inherit}.elementor-widget-heading .elementor-heading-title.elementor-size-small{font-size:15px}.elementor-widget-heading .elementor-heading-title.elementor-size-medium{font-size:19px}.elementor-widget-heading .elementor-heading-title.elementor-size-large{font-size:29px}.elementor-widget-heading .elementor-heading-title.elementor-size-xl{font-size:39px}.elementor-widget-heading .elementor-heading-title.elementor-size-xxl{font-size:59px}<\/style><h2 class=\"elementor-heading-title elementor-size-default\">ATENDIMENTO EMPRESARIAL<\/h2>\t\t<\/div>\n\t\t\t\t<\/div>\n\t\t\t\t\t<\/div>\n\t\t<\/div>\n\t\t\t\t\t\t\t<\/div>\n\t\t<\/section>\n\t\t\t\t<section class=\"elementor-section elementor-top-section elementor-element elementor-element-48514ad9 elementor-section-stretched elementor-section-boxed elementor-section-height-default elementor-section-height-default\" data-id=\"48514ad9\" data-element_type=\"section\" data-settings=\"{&quot;stretch_section&quot;:&quot;section-stretched&quot;}\">\n\t\t\t\t\t\t<div class=\"elementor-container elementor-column-gap-no\">\n\t\t\t\t\t<div class=\"elementor-column elementor-col-100 elementor-top-column elementor-element elementor-element-112e70bd\" data-id=\"112e70bd\" data-element_type=\"column\">\n\t\t\t<div class=\"elementor-widget-wrap elementor-element-populated\">\n\t\t\t\t\t\t\t\t<div class=\"elementor-element elementor-element-5bde9ee9 elementor-widget elementor-widget-text-editor\" data-id=\"5bde9ee9\" data-element_type=\"widget\" data-widget_type=\"text-editor.default\">\n\t\t\t\t<div class=\"elementor-widget-container\">\n\t\t\t<style>\/*! elementor - v3.15.0 - 09-08-2023 *\/\n.elementor-widget-text-editor.elementor-drop-cap-view-stacked .elementor-drop-cap{background-color:#69727d;color:#fff}.elementor-widget-text-editor.elementor-drop-cap-view-framed .elementor-drop-cap{color:#69727d;border:3px solid;background-color:transparent}.elementor-widget-text-editor:not(.elementor-drop-cap-view-default) .elementor-drop-cap{margin-top:8px}.elementor-widget-text-editor:not(.elementor-drop-cap-view-default) .elementor-drop-cap-letter{width:1em;height:1em}.elementor-widget-text-editor .elementor-drop-cap{float:left;text-align:center;line-height:1;font-size:50px}.elementor-widget-text-editor .elementor-drop-cap-letter{display:inline-block}<\/style>\t\t\t\t<p style=\"padding-left: 40px; text-align: justify;\"><strong>A DoutorGPS fornece solu\u00e7\u00f5es de reparos e manuten\u00e7\u00e3o em eletr\u00f4nica na linha de celulares, tablets, computadores e notebooks para empresas.<\/strong><br \/><strong>Executamos contratos e reparos pontuais para pequenas, m\u00e9dia e grandes empresas.<\/strong><br \/><strong>Somos respons\u00e1veis pela manuten\u00e7\u00e3o de toda linha de aparelhos celulares e tablets da EMBRAER.<\/strong><strong><br \/>Somos parceiros homologados da ENERGISA e ENGELMIG realizamos reparos pontuais em diversos aparelhos.<\/strong><\/p>\t\t\t\t\t\t<\/div>\n\t\t\t\t<\/div>\n\t\t\t\t\t<\/div>\n\t\t<\/div>\n\t\t\t\t\t\t\t<\/div>\n\t\t<\/section>\n\t\t\t\t<section class=\"elementor-section elementor-top-section elementor-element elementor-element-035ae15 elementor-section-boxed elementor-section-height-default elementor-section-height-default\" data-id=\"035ae15\" data-element_type=\"section\">\n\t\t\t\t\t\t<div class=\"elementor-container elementor-column-gap-default\">\n\t\t\t\t\t<div class=\"elementor-column elementor-col-100 elementor-top-column elementor-element elementor-element-f0fa6cd\" data-id=\"f0fa6cd\" data-element_type=\"column\">\n\t\t\t<div class=\"elementor-widget-wrap elementor-element-populated\">\n\t\t\t\t\t\t\t\t<div class=\"elementor-element elementor-element-2a0c322 elementor-widget elementor-widget-heading\" data-id=\"2a0c322\" data-element_type=\"widget\" data-widget_type=\"heading.default\">\n\t\t\t\t<div class=\"elementor-widget-container\">\n\t\t\t<h2 class=\"elementor-heading-title elementor-size-default\">Nossos Parceiros<\/h2>\t\t<\/div>\n\t\t\t\t<\/div>\n\t\t\t\t\t<\/div>\n\t\t<\/div>\n\t\t\t\t\t\t\t<\/div>\n\t\t<\/section>\n\t\t\t\t<section class=\"elementor-section elementor-top-section elementor-element elementor-element-15e0dde0 elementor-section-boxed elementor-section-height-default elementor-section-height-default\" data-id=\"15e0dde0\" data-element_type=\"section\">\n\t\t\t\t\t\t<div class=\"elementor-container elementor-column-gap-default\">\n\t\t\t\t\t<div class=\"elementor-column elementor-col-100 elementor-top-column elementor-element elementor-element-2097a6bf\" data-id=\"2097a6bf\" data-element_type=\"column\">\n\t\t\t<div class=\"elementor-widget-wrap elementor-element-populated\">\n\t\t\t\t\t\t\t\t<div class=\"elementor-element elementor-element-b4fad74 elementor-widget elementor-widget-image\" data-id=\"b4fad74\" data-element_type=\"widget\" data-widget_type=\"image.default\">\n\t\t\t\t<div class=\"elementor-widget-container\">\n\t\t\t\t\t\t\t\t\t\t\t\t\t\t\t<img decoding=\"async\" width=\"1024\" height=\"576\" src=\"https:\/\/doutorgps.com.br\/wp-content\/uploads\/2023\/09\/Parceiros-Empresariais-Doutor-GPS.webp\" class=\"attachment-large size-large wp-image-1490\" alt=\"\" loading=\"lazy\" srcset=\"https:\/\/doutorgps.com.br\/wp-content\/uploads\/2023\/09\/Parceiros-Empresariais-Doutor-GPS.webp 1024w, https:\/\/doutorgps.com.br\/wp-content\/uploads\/2023\/09\/Parceiros-Empresariais-Doutor-GPS-300x169.webp 300w, https:\/\/doutorgps.com.br\/wp-content\/uploads\/2023\/09\/Parceiros-Empresariais-Doutor-GPS-768x432.webp 768w\" sizes=\"(max-width: 1024px) 100vw, 1024px\" \/>\t\t\t\t\t\t\t\t\t\t\t\t\t\t\t<\/div>\n\t\t\t\t<\/div>\n\t\t\t\t\t<\/div>\n\t\t<\/div>\n\t\t\t\t\t\t\t<\/div>\n\t\t<\/section>\n\t\t\t\t<section class=\"elementor-section elementor-top-section elementor-element elementor-element-6d0d1b5 elementor-section-boxed elementor-section-height-default elementor-section-height-default\" data-id=\"6d0d1b5\" data-element_type=\"section\">\n\t\t\t\t\t\t<div class=\"elementor-container elementor-column-gap-default\">\n\t\t\t\t\t<div class=\"elementor-column elementor-col-100 elementor-top-column elementor-element elementor-element-aeca6b9\" data-id=\"aeca6b9\" data-element_type=\"column\">\n\t\t\t<div class=\"elementor-widget-wrap elementor-element-populated\">\n\t\t\t\t\t\t\t\t<div class=\"elementor-element elementor-element-442e075 elementor-widget elementor-widget-heading\" data-id=\"442e075\" data-element_type=\"widget\" data-widget_type=\"heading.default\">\n\t\t\t\t<div class=\"elementor-widget-container\">\n\t\t\t<h2 class=\"elementor-heading-title elementor-size-default\">Seja um de nossos parceiros<\/h2>\t\t<\/div>\n\t\t\t\t<\/div>\n\t\t\t\t<section class=\"elementor-section elementor-inner-section elementor-element elementor-element-4501b8b elementor-section-boxed elementor-section-height-default elementor-section-height-default\" data-id=\"4501b8b\" data-element_type=\"section\">\n\t\t\t\t\t\t<div class=\"elementor-container elementor-column-gap-default\">\n\t\t\t\t\t<div class=\"elementor-column elementor-col-100 elementor-inner-column elementor-element elementor-element-1152e6d\" data-id=\"1152e6d\" data-element_type=\"column\">\n\t\t\t<div class=\"elementor-widget-wrap elementor-element-populated\">\n\t\t\t\t\t\t\t\t<div class=\"elementor-element elementor-element-26f3ff1 elementor-widget elementor-widget-text-editor\" data-id=\"26f3ff1\" data-element_type=\"widget\" data-widget_type=\"text-editor.default\">\n\t\t\t\t<div class=\"elementor-widget-container\">\n\t\t\t\t\t\t\t<p style=\"text-align: center;\"><strong>Entre em contato e saiba mais<\/strong><\/p>\t\t\t\t\t\t<\/div>\n\t\t\t\t<\/div>\n\t\t\t\t\t<\/div>\n\t\t<\/div>\n\t\t\t\t\t\t\t<\/div>\n\t\t<\/section>\n\t\t\t\t\t<\/div>\n\t\t<\/div>\n\t\t\t\t\t\t\t<\/div>\n\t\t<\/section>\n\t\t\t\t\t\t\t<\/div>\n\t\t","protected":false},"excerpt":{"rendered":"<p>ATENDIMENTO EMPRESARIAL A DoutorGPS fornece solu\u00e7\u00f5es de reparos e manuten\u00e7\u00e3o em eletr\u00f4nica na linha de celulares, tablets, computadores e notebooks para empresas.Executamos contratos e reparos pontuais para pequenas, m\u00e9dia e grandes empresas.Somos respons\u00e1veis pela manuten\u00e7\u00e3o de toda linha de aparelhos celulares e tablets da EMBRAER.Somos parceiros homologados da ENERGISA e ENGELMIG realizamos reparos pontuais em &hellip;<\/p>\n<p class=\"read-more\"> <a class=\"\" href=\"https:\/\/doutorgps.com.br\/index.php\/atendimento-empresarial\/\"> <span class=\"screen-reader-text\">Atendimento empresarial<\/span> Leia mais &raquo;<\/a><\/p>\n","protected":false},"author":1,"featured_media":0,"parent":0,"menu_order":0,"comment_status":"closed","ping_status":"closed","template":"","meta":{"site-sidebar-layout":"no-sidebar","site-content-layout":"page-builder","ast-global-header-display":"","ast-main-header-display":"","ast-hfb-above-header-display":"","ast-hfb-below-header-display":"","ast-hfb-mobile-header-display":"","site-post-title":"disabled","ast-breadcrumbs-content":"","ast-featured-img":"disabled","footer-sml-layout":"","theme-transparent-header-meta":"","adv-header-id-meta":"","stick-header-meta":"","header-above-stick-meta":"","header-main-stick-meta":"","header-below-stick-meta":"","_joinchat":[]},"_links":{"self":[{"href":"https:\/\/doutorgps.com.br\/index.php\/wp-json\/wp\/v2\/pages\/214"}],"collection":[{"href":"https:\/\/doutorgps.com.br\/index.php\/wp-json\/wp\/v2\/pages"}],"about":[{"href":"https:\/\/doutorgps.com.br\/index.php\/wp-json\/wp\/v2\/types\/page"}],"author":[{"embeddable":true,"href":"https:\/\/doutorgps.com.br\/index.php\/wp-json\/wp\/v2\/users\/1"}],"replies":[{"embeddable":true,"href":"https:\/\/doutorgps.com.br\/index.php\/wp-json\/wp\/v2\/comments?post=214"}],"version-history":[{"count":106,"href":"https:\/\/doutorgps.com.br\/index.php\/wp-json\/wp\/v2\/pages\/214\/revisions"}],"predecessor-version":[{"id":1496,"href":"https:\/\/doutorgps.com.br\/index.php\/wp-json\/wp\/v2\/pages\/214\/revisions\/1496"}],"wp:attachment":[{"href":"https:\/\/doutorgps.com.br\/index.php\/wp-json\/wp\/v2\/media?parent=214"}],"curies":[{"name":"wp","href":"https:\/\/api.w.org\/{rel}","templated":true}]}}